{"id":16198,"date":"2025-04-07T13:13:54","date_gmt":"2025-04-07T11:13:54","guid":{"rendered":"http:\/\/www.2ig.de\/?page_id=16198"},"modified":"2025-05-16T11:04:34","modified_gmt":"2025-05-16T09:04:34","slug":"impressum","status":"publish","type":"page","link":"https:\/\/www.2ig.de\/en\/impressum\/","title":{"rendered":"Imprint"},"content":{"rendered":"<p>[et_pb_section fb_built=&#8221;1&#8243; _builder_version=&#8221;4.27.4&#8243; _module_preset=&#8221;default&#8221; global_colors_info=&#8221;{}&#8221;][et_pb_row _builder_version=&#8221;4.27.4&#8243; _module_preset=&#8221;default&#8221; global_colors_info=&#8221;{}&#8221;][et_pb_column type=&#8221;4_4&#8243; _builder_version=&#8221;4.27.4&#8243; _module_preset=&#8221;default&#8221; global_colors_info=&#8221;{}&#8221;][et_pb_heading title=&#8221;Imprint&#8221; _builder_version=&#8221;4.27.4&#8243; _module_preset=&#8221;default&#8221; hover_enabled=&#8221;0&#8243; global_colors_info=&#8221;{}&#8221; title_text_color=&#8221;#000000&#8243; title_level=&#8221;h2&#8243; sticky_enabled=&#8221;0&#8243;][\/et_pb_heading][et_pb_text _builder_version=&#8221;4.27.4&#8243; _module_preset=&#8221;default&#8221; text_text_color=&#8221;#000000&#8243; hover_enabled=&#8221;0&#8243; global_colors_info=&#8221;{}&#8221; sticky_enabled=&#8221;0&#8243;]<\/p>\n<p><strong>Institutional Investment Group GmbH<\/strong><br \/>Br\u00fcsseler Stra\u00dfe 1-3<br \/>60327 Frankfurt am Main<br \/>Germany<\/p>\n<p><strong>Represented by the managing directors:<\/strong><br \/>J\u00f6rg Homann<br \/>Georg Klusak<\/p>\n<p><strong>Registered in the commercial register:<\/strong><br \/>Register court: Frankfurt am Main Local Court<br \/>Register number: HRB 88818<\/p>\n<p><strong>Responsible for the content:<\/strong><br \/>Michael Benninghoff<br \/>Head of Communication<\/p>\n<p><strong>Image rights:<\/strong><br \/>Institutional Investment Group \/<br \/>Images generated with Gemini and ChatGpt<strong><\/strong><\/p>\n<p>[\/et_pb_text][et_pb_heading title=&#8221;Disclaimer&#8221; _builder_version=&#8221;4.27.4&#8243; _module_preset=&#8221;default&#8221; title_level=&#8221;h2&#8243; hover_enabled=&#8221;0&#8243; global_colors_info=&#8221;{}&#8221; title_text_color=&#8221;#000000&#8243; sticky_enabled=&#8221;0&#8243;][\/et_pb_heading][et_pb_text _builder_version=&#8221;4.27.4&#8243; _module_preset=&#8221;default&#8221; text_text_color=&#8221;#000000&#8243; hover_enabled=&#8221;0&#8243; global_colors_info=&#8221;{}&#8221; sticky_enabled=&#8221;0&#8243;]<\/p>\n<p>\u00a7 1 Warning regarding content<br \/>The free and freely accessible content of this website has been created with the greatest possible care. However, the provider of this website assumes no liability for the accuracy and timeliness of the free and freely accessible journalistic guides and news provided. Contributions labelled by name reflect the opinion of the respective author and not always the opinion of the provider. No contractual relationship is established between the user and the provider simply by accessing the free and freely accessible content; in this respect, the provider&#8217;s intention to be legally bound is lacking.   <\/p>\n<p>\u00a7 2 External links<br \/>This website contains links to third-party websites (\u2018external links\u2019). These websites are subject to the liability of the respective operators. When the external links were first created, the provider checked the third-party content for any legal violations. No legal offences were apparent at that time. The provider has no influence whatsoever on the current and future design and content of the linked pages. The inclusion of external links does not mean that the provider adopts the content behind the reference or link as its own. It is not reasonable for the provider to constantly monitor external links without concrete evidence of legal violations. However, such external links will be deleted immediately if we become aware of any legal violations.       <\/p>\n<p>\u00a7 3 Copyright and ancillary copyrights<br \/>The content published on this website is subject to German copyright and ancillary copyright law. Any use not authorised by German copyright and ancillary copyright law requires the prior written consent of the provider or respective rights holder. This applies in particular to the duplication, editing, translation, storage, processing or reproduction of content in databases or other electronic media and systems. Third-party content and rights are labelled as such. The unauthorised reproduction or distribution of individual contents or complete pages is not permitted and is punishable by law. Only the production of copies and downloads for personal, private and non-commercial use is permitted.     <\/p>\n<p>The presentation of this website in external frames is only permitted with written authorisation.<\/p>\n<p>\u00a7 4 Special terms of use<br \/>Insofar as special conditions for individual uses of this website deviate from the aforementioned paragraphs, this will be expressly indicated at the appropriate point. In this case, the special terms of use shall apply in each individual case. <\/p>\n<p>Source:<span> <\/span><a href=\"https:\/\/www.juraforum.de\/impressum-generator\/\">Imprint sample JuraForum.de<\/a><\/p>\n<p>[\/et_pb_text][\/et_pb_column][\/et_pb_row][\/et_pb_section]<\/p>\n","protected":false},"excerpt":{"rendered":"<p>Institutional Investment Group GmbHBr\u00fcsseler Stra\u00dfe 1-360327 Frankfurt am MainGermany Represented by the managing directors:J\u00f6rg HomannGeorg Klusak Registered in the commercial register:Register court: Frankfurt am Main Local CourtRegister number: HRB 88818 Responsible for the content:Michael BenninghoffHead of Communication Image rights:Institutional Investment Group \/Images generated with Gemini and ChatGpt\u00a7 1 Warning regarding contentThe free and freely accessible [&hellip;]<\/p>\n","protected":false},"author":2,"featured_media":0,"parent":0,"menu_order":0,"comment_status":"closed","ping_status":"closed","template":"","meta":{"_et_pb_use_builder":"on","_et_pb_old_content":"","_et_gb_content_width":"","inline_featured_image":false,"footnotes":""},"class_list":["post-16198","page","type-page","status-publish","hentry"],"_links":{"self":[{"href":"https:\/\/www.2ig.de\/en\/wp-json\/wp\/v2\/pages\/16198","targetHints":{"allow":["GET"]}}],"collection":[{"href":"https:\/\/www.2ig.de\/en\/wp-json\/wp\/v2\/pages"}],"about":[{"href":"https:\/\/www.2ig.de\/en\/wp-json\/wp\/v2\/types\/page"}],"author":[{"embeddable":true,"href":"https:\/\/www.2ig.de\/en\/wp-json\/wp\/v2\/users\/2"}],"replies":[{"embeddable":true,"href":"https:\/\/www.2ig.de\/en\/wp-json\/wp\/v2\/comments?post=16198"}],"version-history":[{"count":4,"href":"https:\/\/www.2ig.de\/en\/wp-json\/wp\/v2\/pages\/16198\/revisions"}],"predecessor-version":[{"id":16202,"href":"https:\/\/www.2ig.de\/en\/wp-json\/wp\/v2\/pages\/16198\/revisions\/16202"}],"wp:attachment":[{"href":"https:\/\/www.2ig.de\/en\/wp-json\/wp\/v2\/media?parent=16198"}],"curies":[{"name":"wp","href":"https:\/\/api.w.org\/{rel}","templated":true}]}}